{"id":107,"date":"2016-05-06T08:42:02","date_gmt":"2016-05-06T08:42:02","guid":{"rendered":"http:\/\/aldebaranit.com\/?page_id=107&#038;lang=ca"},"modified":"2016-09-12T14:44:14","modified_gmt":"2016-09-12T14:44:14","slug":"contacte","status":"publish","type":"page","link":"http:\/\/www.aldebaranit.com\/ca\/contacte\/","title":{"rendered":"Contacte"},"content":{"rendered":"<div role=\"form\" class=\"wpcf7\" id=\"wpcf7-f105-o1\" lang=\"es-ES\" dir=\"ltr\">\n<div class=\"screen-reader-response\"><p role=\"status\" aria-live=\"polite\" aria-atomic=\"true\"><\/p> <ul><\/ul><\/div>\n<form action=\"\/ca\/wp-json\/wp\/v2\/pages\/107#wpcf7-f105-o1\" method=\"post\" class=\"wpcf7-form init\" novalidate=\"novalidate\" data-status=\"init\">\n<div style=\"display: none;\">\n<input type=\"hidden\" name=\"_wpcf7\" value=\"105\" \/>\n<input type=\"hidden\" name=\"_wpcf7_version\" value=\"5.5.3\" \/>\n<input type=\"hidden\" name=\"_wpcf7_locale\" value=\"es_ES\" \/>\n<input type=\"hidden\" name=\"_wpcf7_unit_tag\" value=\"wpcf7-f105-o1\" \/>\n<input type=\"hidden\" name=\"_wpcf7_container_post\" value=\"0\" \/>\n<input type=\"hidden\" name=\"_wpcf7_posted_data_hash\" value=\"\" \/>\n<input type=\"hidden\" name=\"_wpcf7_recaptcha_response\" value=\"\" \/>\n<\/div>\n<p><span class=\"wpcf7-form-control-wrap your-name\"><input type=\"text\" name=\"your-name\" value=\"\" size=\"40\" class=\"wpcf7-form-control wpcf7-text wpcf7-validates-as-required\" aria-required=\"true\" aria-invalid=\"false\" placeholder=\"Nom\" \/><\/span><\/p>\n<p><span class=\"wpcf7-form-control-wrap your-email\"><input type=\"email\" name=\"your-email\" value=\"\" size=\"40\" class=\"wpcf7-form-control wpcf7-text wpcf7-email wpcf7-validates-as-required wpcf7-validates-as-email\" aria-required=\"true\" aria-invalid=\"false\" placeholder=\"Email\" \/><\/span><\/p>\n<p><span class=\"wpcf7-form-control-wrap your-message\"><textarea name=\"your-message\" cols=\"40\" rows=\"10\" class=\"wpcf7-form-control wpcf7-textarea wpcf7-validates-as-required\" aria-required=\"true\" aria-invalid=\"false\" placeholder=\"Missatge\"><\/textarea><\/span><\/p>\n\n<p><input type=\"submit\" value=\"ENVIAR\" class=\"wpcf7-form-control has-spinner wpcf7-submit btn-enviar\" \/><\/p>\n<div class=\"wpcf7-response-output\" aria-hidden=\"true\"><\/div><\/form><\/div>\n","protected":false},"excerpt":{"rendered":"","protected":false},"author":1,"featured_media":0,"parent":0,"menu_order":0,"comment_status":"closed","ping_status":"closed","template":"contacto.php","meta":[],"yoast_head":"<!-- This site is optimized with the Yoast SEO plugin v17.9 - https:\/\/yoast.com\/wordpress\/plugins\/seo\/ -->\n<title>Contacte - Aldebaran<\/title>\n<meta name=\"description\" content=\"Si tens qualsevol dubte o desitja m\u00e9s informaci\u00f3, pot contactar amb nosaltres a trav\u00e9s d&#039;aquest formulari i intentarem respondre com m\u00e9s aviat millor\" \/>\n<meta name=\"robots\" content=\"index, follow, max-snippet:-1, max-image-preview:large, max-video-preview:-1\" \/>\n<link rel=\"canonical\" href=\"http:\/\/www.aldebaranit.com\/ca\/contacte\/\" \/>\n<meta property=\"og:locale\" content=\"ca_ES\" \/>\n<meta property=\"og:type\" content=\"article\" \/>\n<meta property=\"og:title\" content=\"Contacte - Aldebaran\" \/>\n<meta property=\"og:description\" content=\"Si tens qualsevol dubte o desitja m\u00e9s informaci\u00f3, pot contactar amb nosaltres a trav\u00e9s d&#039;aquest formulari i intentarem respondre com m\u00e9s aviat millor\" \/>\n<meta property=\"og:url\" content=\"http:\/\/www.aldebaranit.com\/ca\/contacte\/\" \/>\n<meta property=\"og:site_name\" content=\"Aldebaran\" \/>\n<meta property=\"article:modified_time\" content=\"2016-09-12T14:44:14+00:00\" \/>\n<meta name=\"twitter:card\" content=\"summary\" \/>\n<script type=\"application\/ld+json\" class=\"yoast-schema-graph\">{\"@context\":\"https:\/\/schema.org\",\"@graph\":[{\"@type\":\"WebSite\",\"@id\":\"http:\/\/www.aldebaranit.com\/en\/#website\",\"url\":\"http:\/\/www.aldebaranit.com\/en\/\",\"name\":\"Aldebaran\",\"description\":\"ALDEBARAN 2.0 IT Projects &amp; Services\",\"potentialAction\":[{\"@type\":\"SearchAction\",\"target\":{\"@type\":\"EntryPoint\",\"urlTemplate\":\"http:\/\/www.aldebaranit.com\/en\/?s={search_term_string}\"},\"query-input\":\"required name=search_term_string\"}],\"inLanguage\":\"ca\"},{\"@type\":\"WebPage\",\"@id\":\"http:\/\/www.aldebaranit.com\/ca\/contacte\/#webpage\",\"url\":\"http:\/\/www.aldebaranit.com\/ca\/contacte\/\",\"name\":\"Contacte - Aldebaran\",\"isPartOf\":{\"@id\":\"http:\/\/www.aldebaranit.com\/en\/#website\"},\"datePublished\":\"2016-05-06T08:42:02+00:00\",\"dateModified\":\"2016-09-12T14:44:14+00:00\",\"description\":\"Si tens qualsevol dubte o desitja m\\u00e9s informaci\\u00f3, pot contactar amb nosaltres a trav\\u00e9s d'aquest formulari i intentarem respondre com m\\u00e9s aviat millor\",\"breadcrumb\":{\"@id\":\"http:\/\/www.aldebaranit.com\/ca\/contacte\/#breadcrumb\"},\"inLanguage\":\"ca\",\"potentialAction\":[{\"@type\":\"ReadAction\",\"target\":[\"http:\/\/www.aldebaranit.com\/ca\/contacte\/\"]}]},{\"@type\":\"BreadcrumbList\",\"@id\":\"http:\/\/www.aldebaranit.com\/ca\/contacte\/#breadcrumb\",\"itemListElement\":[{\"@type\":\"ListItem\",\"position\":1,\"name\":\"Portada\",\"item\":\"http:\/\/www.aldebaranit.com\/ca\/\"},{\"@type\":\"ListItem\",\"position\":2,\"name\":\"Contacte\"}]}]}<\/script>\n<!-- \/ Yoast SEO plugin. -->","yoast_head_json":{"title":"Contacte - Aldebaran","description":"Si tens qualsevol dubte o desitja m\u00e9s informaci\u00f3, pot contactar amb nosaltres a trav\u00e9s d'aquest formulari i intentarem respondre com m\u00e9s aviat millor","robots":{"index":"index","follow":"follow","max-snippet":"max-snippet:-1","max-image-preview":"max-image-preview:large","max-video-preview":"max-video-preview:-1"},"canonical":"http:\/\/www.aldebaranit.com\/ca\/contacte\/","og_locale":"ca_ES","og_type":"article","og_title":"Contacte - Aldebaran","og_description":"Si tens qualsevol dubte o desitja m\u00e9s informaci\u00f3, pot contactar amb nosaltres a trav\u00e9s d'aquest formulari i intentarem respondre com m\u00e9s aviat millor","og_url":"http:\/\/www.aldebaranit.com\/ca\/contacte\/","og_site_name":"Aldebaran","article_modified_time":"2016-09-12T14:44:14+00:00","twitter_card":"summary","schema":{"@context":"https:\/\/schema.org","@graph":[{"@type":"WebSite","@id":"http:\/\/www.aldebaranit.com\/en\/#website","url":"http:\/\/www.aldebaranit.com\/en\/","name":"Aldebaran","description":"ALDEBARAN 2.0 IT Projects &amp; Services","potentialAction":[{"@type":"SearchAction","target":{"@type":"EntryPoint","urlTemplate":"http:\/\/www.aldebaranit.com\/en\/?s={search_term_string}"},"query-input":"required name=search_term_string"}],"inLanguage":"ca"},{"@type":"WebPage","@id":"http:\/\/www.aldebaranit.com\/ca\/contacte\/#webpage","url":"http:\/\/www.aldebaranit.com\/ca\/contacte\/","name":"Contacte - Aldebaran","isPartOf":{"@id":"http:\/\/www.aldebaranit.com\/en\/#website"},"datePublished":"2016-05-06T08:42:02+00:00","dateModified":"2016-09-12T14:44:14+00:00","description":"Si tens qualsevol dubte o desitja m\u00e9s informaci\u00f3, pot contactar amb nosaltres a trav\u00e9s d'aquest formulari i intentarem respondre com m\u00e9s aviat millor","breadcrumb":{"@id":"http:\/\/www.aldebaranit.com\/ca\/contacte\/#breadcrumb"},"inLanguage":"ca","potentialAction":[{"@type":"ReadAction","target":["http:\/\/www.aldebaranit.com\/ca\/contacte\/"]}]},{"@type":"BreadcrumbList","@id":"http:\/\/www.aldebaranit.com\/ca\/contacte\/#breadcrumb","itemListElement":[{"@type":"ListItem","position":1,"name":"Portada","item":"http:\/\/www.aldebaranit.com\/ca\/"},{"@type":"ListItem","position":2,"name":"Contacte"}]}]}},"_links":{"self":[{"href":"http:\/\/www.aldebaranit.com\/ca\/wp-json\/wp\/v2\/pages\/107"}],"collection":[{"href":"http:\/\/www.aldebaranit.com\/ca\/wp-json\/wp\/v2\/pages"}],"about":[{"href":"http:\/\/www.aldebaranit.com\/ca\/wp-json\/wp\/v2\/types\/page"}],"author":[{"embeddable":true,"href":"http:\/\/www.aldebaranit.com\/ca\/wp-json\/wp\/v2\/users\/1"}],"replies":[{"embeddable":true,"href":"http:\/\/www.aldebaranit.com\/ca\/wp-json\/wp\/v2\/comments?post=107"}],"version-history":[{"count":1,"href":"http:\/\/www.aldebaranit.com\/ca\/wp-json\/wp\/v2\/pages\/107\/revisions"}],"predecessor-version":[{"id":108,"href":"http:\/\/www.aldebaranit.com\/ca\/wp-json\/wp\/v2\/pages\/107\/revisions\/108"}],"wp:attachment":[{"href":"http:\/\/www.aldebaranit.com\/ca\/wp-json\/wp\/v2\/media?parent=107"}],"curies":[{"name":"wp","href":"https:\/\/api.w.org\/{rel}","templated":true}]}}