{"id":117,"date":"2016-04-27T10:12:52","date_gmt":"2016-04-27T10:12:52","guid":{"rendered":"http:\/\/aldebaranit.com\/ca\/sectores\/"},"modified":"2016-09-12T14:41:12","modified_gmt":"2016-09-12T14:41:12","slug":"sectors","status":"publish","type":"page","link":"http:\/\/www.aldebaranit.com\/ca\/sectors\/","title":{"rendered":"Sectors"},"content":{"rendered":"<div class=\"sectores\">\n<p>Les nostre solucions y serveis tenen un ampli ventall d\u2019implantaci\u00f3 en m\u00faltiples sectors.<\/p>\n<ul class=\"list-unstyled list-item\">\n<li>Administraci\u00f3 local y sector p\u00fablic<\/li>\n<li>Seguretat i emerg\u00e8ncies.<\/li>\n<li>Transport<\/li>\n<li>Empreses d\u2019utilities<\/li>\n<li>Log\u00edstica<\/li>\n<li>Gestors d\u2019infraestructures.<\/li>\n<li>Empreses de serveis<\/li>\n<li>Grans corporacions<\/li>\n<li>Banca i assegurances<\/li>\n<\/ul>\n<\/div>\n<p>&nbsp;<\/p>\n","protected":false},"excerpt":{"rendered":"<p>Les nostre solucions y serveis tenen un ampli ventall d\u2019implantaci\u00f3 en m\u00faltiples sectors. Administraci\u00f3 local y sector p\u00fablic Seguretat i emerg\u00e8ncies. Transport Empreses d\u2019utilities Log\u00edstica Gestors d\u2019infraestructures. Empreses de serveis Grans corporacions Banca i assegurances &nbsp;<\/p>\n","protected":false},"author":1,"featured_media":0,"parent":0,"menu_order":0,"comment_status":"closed","ping_status":"closed","template":"page-simple.php","meta":[],"yoast_head":"<!-- This site is optimized with the Yoast SEO plugin v17.9 - https:\/\/yoast.com\/wordpress\/plugins\/seo\/ -->\n<title>Sectors - Aldebaran<\/title>\n<meta name=\"description\" content=\"Sistema especialitzat en l\u2019an\u00e0lisi dels par\u00e0metres d\u2019utilitzaci\u00f3 d\u2019ordinadors, orientada a incrementar la productivitat de companyies.\" \/>\n<meta name=\"robots\" content=\"index, follow, max-snippet:-1, max-image-preview:large, max-video-preview:-1\" \/>\n<link rel=\"canonical\" href=\"https:\/\/www.aldebaranit.com\/ca\/sectors\/\" \/>\n<meta property=\"og:locale\" content=\"ca_ES\" \/>\n<meta property=\"og:type\" content=\"article\" \/>\n<meta property=\"og:title\" content=\"Sectors - Aldebaran\" \/>\n<meta property=\"og:description\" content=\"Sistema especialitzat en l\u2019an\u00e0lisi dels par\u00e0metres d\u2019utilitzaci\u00f3 d\u2019ordinadors, orientada a incrementar la productivitat de companyies.\" \/>\n<meta property=\"og:url\" content=\"https:\/\/www.aldebaranit.com\/ca\/sectors\/\" \/>\n<meta property=\"og:site_name\" content=\"Aldebaran\" \/>\n<meta property=\"article:modified_time\" content=\"2016-09-12T14:41:12+00:00\" \/>\n<meta name=\"twitter:card\" content=\"summary\" \/>\n<script type=\"application\/ld+json\" class=\"yoast-schema-graph\">{\"@context\":\"https:\/\/schema.org\",\"@graph\":[{\"@type\":\"WebSite\",\"@id\":\"http:\/\/www.aldebaranit.com\/en\/#website\",\"url\":\"http:\/\/www.aldebaranit.com\/en\/\",\"name\":\"Aldebaran\",\"description\":\"ALDEBARAN 2.0 IT Projects &amp; Services\",\"potentialAction\":[{\"@type\":\"SearchAction\",\"target\":{\"@type\":\"EntryPoint\",\"urlTemplate\":\"http:\/\/www.aldebaranit.com\/en\/?s={search_term_string}\"},\"query-input\":\"required name=search_term_string\"}],\"inLanguage\":\"ca\"},{\"@type\":\"WebPage\",\"@id\":\"https:\/\/www.aldebaranit.com\/ca\/sectors\/#webpage\",\"url\":\"https:\/\/www.aldebaranit.com\/ca\/sectors\/\",\"name\":\"Sectors - Aldebaran\",\"isPartOf\":{\"@id\":\"http:\/\/www.aldebaranit.com\/en\/#website\"},\"datePublished\":\"2016-04-27T10:12:52+00:00\",\"dateModified\":\"2016-09-12T14:41:12+00:00\",\"description\":\"Sistema especialitzat en l\\u2019an\\u00e0lisi dels par\\u00e0metres d\\u2019utilitzaci\\u00f3 d\\u2019ordinadors, orientada a incrementar la productivitat de companyies.\",\"breadcrumb\":{\"@id\":\"https:\/\/www.aldebaranit.com\/ca\/sectors\/#breadcrumb\"},\"inLanguage\":\"ca\",\"potentialAction\":[{\"@type\":\"ReadAction\",\"target\":[\"https:\/\/www.aldebaranit.com\/ca\/sectors\/\"]}]},{\"@type\":\"BreadcrumbList\",\"@id\":\"https:\/\/www.aldebaranit.com\/ca\/sectors\/#breadcrumb\",\"itemListElement\":[{\"@type\":\"ListItem\",\"position\":1,\"name\":\"Portada\",\"item\":\"http:\/\/www.aldebaranit.com\/ca\/\"},{\"@type\":\"ListItem\",\"position\":2,\"name\":\"Sectors\"}]}]}<\/script>\n<!-- \/ Yoast SEO plugin. -->","yoast_head_json":{"title":"Sectors - Aldebaran","description":"Sistema especialitzat en l\u2019an\u00e0lisi dels par\u00e0metres d\u2019utilitzaci\u00f3 d\u2019ordinadors, orientada a incrementar la productivitat de companyies.","robots":{"index":"index","follow":"follow","max-snippet":"max-snippet:-1","max-image-preview":"max-image-preview:large","max-video-preview":"max-video-preview:-1"},"canonical":"https:\/\/www.aldebaranit.com\/ca\/sectors\/","og_locale":"ca_ES","og_type":"article","og_title":"Sectors - Aldebaran","og_description":"Sistema especialitzat en l\u2019an\u00e0lisi dels par\u00e0metres d\u2019utilitzaci\u00f3 d\u2019ordinadors, orientada a incrementar la productivitat de companyies.","og_url":"https:\/\/www.aldebaranit.com\/ca\/sectors\/","og_site_name":"Aldebaran","article_modified_time":"2016-09-12T14:41:12+00:00","twitter_card":"summary","schema":{"@context":"https:\/\/schema.org","@graph":[{"@type":"WebSite","@id":"http:\/\/www.aldebaranit.com\/en\/#website","url":"http:\/\/www.aldebaranit.com\/en\/","name":"Aldebaran","description":"ALDEBARAN 2.0 IT Projects &amp; Services","potentialAction":[{"@type":"SearchAction","target":{"@type":"EntryPoint","urlTemplate":"http:\/\/www.aldebaranit.com\/en\/?s={search_term_string}"},"query-input":"required name=search_term_string"}],"inLanguage":"ca"},{"@type":"WebPage","@id":"https:\/\/www.aldebaranit.com\/ca\/sectors\/#webpage","url":"https:\/\/www.aldebaranit.com\/ca\/sectors\/","name":"Sectors - Aldebaran","isPartOf":{"@id":"http:\/\/www.aldebaranit.com\/en\/#website"},"datePublished":"2016-04-27T10:12:52+00:00","dateModified":"2016-09-12T14:41:12+00:00","description":"Sistema especialitzat en l\u2019an\u00e0lisi dels par\u00e0metres d\u2019utilitzaci\u00f3 d\u2019ordinadors, orientada a incrementar la productivitat de companyies.","breadcrumb":{"@id":"https:\/\/www.aldebaranit.com\/ca\/sectors\/#breadcrumb"},"inLanguage":"ca","potentialAction":[{"@type":"ReadAction","target":["https:\/\/www.aldebaranit.com\/ca\/sectors\/"]}]},{"@type":"BreadcrumbList","@id":"https:\/\/www.aldebaranit.com\/ca\/sectors\/#breadcrumb","itemListElement":[{"@type":"ListItem","position":1,"name":"Portada","item":"http:\/\/www.aldebaranit.com\/ca\/"},{"@type":"ListItem","position":2,"name":"Sectors"}]}]}},"_links":{"self":[{"href":"http:\/\/www.aldebaranit.com\/ca\/wp-json\/wp\/v2\/pages\/117"}],"collection":[{"href":"http:\/\/www.aldebaranit.com\/ca\/wp-json\/wp\/v2\/pages"}],"about":[{"href":"http:\/\/www.aldebaranit.com\/ca\/wp-json\/wp\/v2\/types\/page"}],"author":[{"embeddable":true,"href":"http:\/\/www.aldebaranit.com\/ca\/wp-json\/wp\/v2\/users\/1"}],"replies":[{"embeddable":true,"href":"http:\/\/www.aldebaranit.com\/ca\/wp-json\/wp\/v2\/comments?post=117"}],"version-history":[{"count":6,"href":"http:\/\/www.aldebaranit.com\/ca\/wp-json\/wp\/v2\/pages\/117\/revisions"}],"predecessor-version":[{"id":462,"href":"http:\/\/www.aldebaranit.com\/ca\/wp-json\/wp\/v2\/pages\/117\/revisions\/462"}],"wp:attachment":[{"href":"http:\/\/www.aldebaranit.com\/ca\/wp-json\/wp\/v2\/media?parent=117"}],"curies":[{"name":"wp","href":"https:\/\/api.w.org\/{rel}","templated":true}]}}