{"id":119,"date":"2016-04-27T10:10:57","date_gmt":"2016-04-27T10:10:57","guid":{"rendered":"http:\/\/aldebaranit.com\/ca\/servicios\/"},"modified":"2016-09-12T14:37:35","modified_gmt":"2016-09-12T14:37:35","slug":"serveis","status":"publish","type":"page","link":"http:\/\/www.aldebaranit.com\/ca\/serveis\/","title":{"rendered":"Serveis"},"content":{"rendered":"<p>ALDEBARAN 2.0 IT Projects and Services, S.L. oferim al nostres clients un ampli cat\u00e0leg de serveis per cobrir totes les necessitats:<\/p>\n<ul class=\"list-unstyled list-item\">\n<li><span class=\"list-tile\">Enginyeria del software:<\/span> desenvolupament de software i solucions sota demanada.<\/li>\n<li><span class=\"list-tile\">Integraci\u00f3 de sistemes:<\/span> orientat principalment a la integraci\u00f3 de la tecnologia goespacial amb els sistemes corporatius.<\/li>\n<li><span class=\"list-tile\">Consultoria tecnol\u00f2gica:<\/span> ajudem als nostres clients a elegir la millor tecnologia per a cada necessitat.<\/li>\n<li><span class=\"list-tile\">Consultoria de procediments i qualitat de dades:<\/span> dissenyem i normalitzem procediments d\u2019informaci\u00f3 corporativa mitjan\u00e7ant t\u00e8cniques de \u201cwork-flow\u201d i \u201cdata entry\u201d.<\/li>\n<li><span class=\"list-tile\">Cartografia i cartografia tem\u00e0tica:<\/span> elaborem informaci\u00f3 territorial, gr\u00e0fica i cartogr\u00e0fica: mapes tem\u00e0tics, topografia, mapes de tr\u00e0fic, grafs navegadors.<\/li>\n<li><span class=\"list-tile\">Geoposicionamient:<\/span> empla\u00e7ament d\u2019actius de qualsevol tipus tant per a corporacions p\u00fabliques com privades.<\/li>\n<li><span class=\"list-tile\">Inventaris d\u2019actius:<\/span> elaborem, mantenim i valorem actius.<\/li>\n<li><span class=\"list-tile\">Control d\u2019infraestructures:<\/span> aplicat a xarxes de serveis, empreses utilities, transport, seguretat i emerg\u00e8ncies.<\/li>\n<\/ul>\n<p>&nbsp;<\/p>\n","protected":false},"excerpt":{"rendered":"<p>ALDEBARAN 2.0 IT Projects and Services, S.L. oferim al nostres clients un ampli cat\u00e0leg de serveis per cobrir totes les necessitats: Enginyeria del software: desenvolupament de software i solucions sota demanada. Integraci\u00f3 de sistemes: orientat principalment a la integraci\u00f3 de la tecnologia goespacial amb els sistemes corporatius. Consultoria tecnol\u00f2gica: ajudem als nostres clients a elegir [&hellip;]<\/p>\n","protected":false},"author":1,"featured_media":0,"parent":0,"menu_order":0,"comment_status":"closed","ping_status":"closed","template":"page-simple.php","meta":[],"yoast_head":"<!-- This site is optimized with the Yoast SEO plugin v17.9 - https:\/\/yoast.com\/wordpress\/plugins\/seo\/ -->\n<title>Serveis - Aldebaran<\/title>\n<meta name=\"robots\" content=\"index, follow, max-snippet:-1, max-image-preview:large, max-video-preview:-1\" \/>\n<link rel=\"canonical\" href=\"http:\/\/www.aldebaranit.com\/ca\/serveis\/\" \/>\n<meta property=\"og:locale\" content=\"ca_ES\" \/>\n<meta property=\"og:type\" content=\"article\" \/>\n<meta property=\"og:title\" content=\"Serveis - Aldebaran\" \/>\n<meta property=\"og:description\" content=\"ALDEBARAN 2.0 IT Projects and Services, S.L. oferim al nostres clients un ampli cat\u00e0leg de serveis per cobrir totes les necessitats: Enginyeria del software: desenvolupament de software i solucions sota demanada. Integraci\u00f3 de sistemes: orientat principalment a la integraci\u00f3 de la tecnologia goespacial amb els sistemes corporatius. Consultoria tecnol\u00f2gica: ajudem als nostres clients a elegir [&hellip;]\" \/>\n<meta property=\"og:url\" content=\"http:\/\/www.aldebaranit.com\/ca\/serveis\/\" \/>\n<meta property=\"og:site_name\" content=\"Aldebaran\" \/>\n<meta property=\"article:modified_time\" content=\"2016-09-12T14:37:35+00:00\" \/>\n<meta name=\"twitter:card\" content=\"summary\" \/>\n<meta name=\"twitter:label1\" content=\"Temps estimat de lectura\" \/>\n\t<meta name=\"twitter:data1\" content=\"1 minut\" \/>\n<script type=\"application\/ld+json\" class=\"yoast-schema-graph\">{\"@context\":\"https:\/\/schema.org\",\"@graph\":[{\"@type\":\"WebSite\",\"@id\":\"http:\/\/www.aldebaranit.com\/#website\",\"url\":\"http:\/\/www.aldebaranit.com\/\",\"name\":\"Aldebaran\",\"description\":\"ALDEBARAN 2.0 IT Projects &amp; Services\",\"potentialAction\":[{\"@type\":\"SearchAction\",\"target\":{\"@type\":\"EntryPoint\",\"urlTemplate\":\"http:\/\/www.aldebaranit.com\/?s={search_term_string}\"},\"query-input\":\"required name=search_term_string\"}],\"inLanguage\":\"ca\"},{\"@type\":\"WebPage\",\"@id\":\"http:\/\/www.aldebaranit.com\/ca\/serveis\/#webpage\",\"url\":\"http:\/\/www.aldebaranit.com\/ca\/serveis\/\",\"name\":\"Serveis - Aldebaran\",\"isPartOf\":{\"@id\":\"http:\/\/www.aldebaranit.com\/#website\"},\"datePublished\":\"2016-04-27T10:10:57+00:00\",\"dateModified\":\"2016-09-12T14:37:35+00:00\",\"breadcrumb\":{\"@id\":\"http:\/\/www.aldebaranit.com\/ca\/serveis\/#breadcrumb\"},\"inLanguage\":\"ca\",\"potentialAction\":[{\"@type\":\"ReadAction\",\"target\":[\"http:\/\/www.aldebaranit.com\/ca\/serveis\/\"]}]},{\"@type\":\"BreadcrumbList\",\"@id\":\"http:\/\/www.aldebaranit.com\/ca\/serveis\/#breadcrumb\",\"itemListElement\":[{\"@type\":\"ListItem\",\"position\":1,\"name\":\"Portada\",\"item\":\"http:\/\/www.aldebaranit.com\/ca\/\"},{\"@type\":\"ListItem\",\"position\":2,\"name\":\"Serveis\"}]}]}<\/script>\n<!-- \/ Yoast SEO plugin. -->","yoast_head_json":{"title":"Serveis - Aldebaran","robots":{"index":"index","follow":"follow","max-snippet":"max-snippet:-1","max-image-preview":"max-image-preview:large","max-video-preview":"max-video-preview:-1"},"canonical":"http:\/\/www.aldebaranit.com\/ca\/serveis\/","og_locale":"ca_ES","og_type":"article","og_title":"Serveis - Aldebaran","og_description":"ALDEBARAN 2.0 IT Projects and Services, S.L. oferim al nostres clients un ampli cat\u00e0leg de serveis per cobrir totes les necessitats: Enginyeria del software: desenvolupament de software i solucions sota demanada. Integraci\u00f3 de sistemes: orientat principalment a la integraci\u00f3 de la tecnologia goespacial amb els sistemes corporatius. Consultoria tecnol\u00f2gica: ajudem als nostres clients a elegir [&hellip;]","og_url":"http:\/\/www.aldebaranit.com\/ca\/serveis\/","og_site_name":"Aldebaran","article_modified_time":"2016-09-12T14:37:35+00:00","twitter_card":"summary","twitter_misc":{"Temps estimat de lectura":"1 minut"},"schema":{"@context":"https:\/\/schema.org","@graph":[{"@type":"WebSite","@id":"http:\/\/www.aldebaranit.com\/#website","url":"http:\/\/www.aldebaranit.com\/","name":"Aldebaran","description":"ALDEBARAN 2.0 IT Projects &amp; Services","potentialAction":[{"@type":"SearchAction","target":{"@type":"EntryPoint","urlTemplate":"http:\/\/www.aldebaranit.com\/?s={search_term_string}"},"query-input":"required name=search_term_string"}],"inLanguage":"ca"},{"@type":"WebPage","@id":"http:\/\/www.aldebaranit.com\/ca\/serveis\/#webpage","url":"http:\/\/www.aldebaranit.com\/ca\/serveis\/","name":"Serveis - Aldebaran","isPartOf":{"@id":"http:\/\/www.aldebaranit.com\/#website"},"datePublished":"2016-04-27T10:10:57+00:00","dateModified":"2016-09-12T14:37:35+00:00","breadcrumb":{"@id":"http:\/\/www.aldebaranit.com\/ca\/serveis\/#breadcrumb"},"inLanguage":"ca","potentialAction":[{"@type":"ReadAction","target":["http:\/\/www.aldebaranit.com\/ca\/serveis\/"]}]},{"@type":"BreadcrumbList","@id":"http:\/\/www.aldebaranit.com\/ca\/serveis\/#breadcrumb","itemListElement":[{"@type":"ListItem","position":1,"name":"Portada","item":"http:\/\/www.aldebaranit.com\/ca\/"},{"@type":"ListItem","position":2,"name":"Serveis"}]}]}},"_links":{"self":[{"href":"http:\/\/www.aldebaranit.com\/ca\/wp-json\/wp\/v2\/pages\/119"}],"collection":[{"href":"http:\/\/www.aldebaranit.com\/ca\/wp-json\/wp\/v2\/pages"}],"about":[{"href":"http:\/\/www.aldebaranit.com\/ca\/wp-json\/wp\/v2\/types\/page"}],"author":[{"embeddable":true,"href":"http:\/\/www.aldebaranit.com\/ca\/wp-json\/wp\/v2\/users\/1"}],"replies":[{"embeddable":true,"href":"http:\/\/www.aldebaranit.com\/ca\/wp-json\/wp\/v2\/comments?post=119"}],"version-history":[{"count":9,"href":"http:\/\/www.aldebaranit.com\/ca\/wp-json\/wp\/v2\/pages\/119\/revisions"}],"predecessor-version":[{"id":461,"href":"http:\/\/www.aldebaranit.com\/ca\/wp-json\/wp\/v2\/pages\/119\/revisions\/461"}],"wp:attachment":[{"href":"http:\/\/www.aldebaranit.com\/ca\/wp-json\/wp\/v2\/media?parent=119"}],"curies":[{"name":"wp","href":"https:\/\/api.w.org\/{rel}","templated":true}]}}