{"id":121,"date":"2016-04-27T11:34:24","date_gmt":"2016-04-27T11:34:24","guid":{"rendered":"http:\/\/aldebaranit.com\/ca\/karta-gis\/"},"modified":"2016-09-12T15:47:13","modified_gmt":"2016-09-12T15:47:13","slug":"karta-gis","status":"publish","type":"page","link":"http:\/\/www.aldebaranit.com\/ca\/productes\/karta-gis\/","title":{"rendered":"Karta-gis"},"content":{"rendered":"<p>Soluci\u00f3 especialitzada per la captura y manteniment de dades geogr\u00e0fiques, cartogr\u00e0fiques i informaci\u00f3 georeferenciada mitjan\u00e7ant tecnologia GIS.<\/p>\n<p>&nbsp;<\/p>\n<p>Combina \u00edntegradament l\u2019edici\u00f3 i l\u2019an\u00e0lisi d\u2019informaci\u00f3, tant en entorn client servidor com en web, de forma intu\u00eftiva y de f\u00e0cil.<\/p>\n<p>&nbsp;<\/p>\n<p>KARTA permet disposar d\u2019un sol producte corporatiu, per la gesti\u00f3 de la informaci\u00f3 geogr\u00e0fica, centralitzant les dades en formats oberts i en els comercial m\u00e9s utilitzats del mercat.<\/p>\n<p>&nbsp;<\/p>\n<p>La seva estructura modular, permet integrar-lo amb els sistemes d\u2019informaci\u00f3 corporatiu, sense cost addicional de llic\u00e8ncies.<\/p>\n<p>&nbsp;<\/p>\n<p><img loading=\"lazy\" class=\"alignnone wp-image-218 size-full\" title=\"Karta Gis\" src=\"http:\/\/www.aldebaranit.com\/wp-content\/uploads\/2016\/04\/KARTA_GIS.png\" alt=\"KARTA_GIS\" width=\"450\" height=\"300\" srcset=\"http:\/\/www.aldebaranit.com\/wp-content\/uploads\/2016\/04\/KARTA_GIS.png 450w, http:\/\/www.aldebaranit.com\/wp-content\/uploads\/2016\/04\/KARTA_GIS-300x200.png 300w\" sizes=\"(max-width: 450px) 100vw, 450px\" \/><\/p>\n","protected":false},"excerpt":{"rendered":"<p>Soluci\u00f3 especialitzada per la captura y manteniment de dades geogr\u00e0fiques, cartogr\u00e0fiques i informaci\u00f3 georeferenciada mitjan\u00e7ant tecnologia GIS. &nbsp; Combina \u00edntegradament l\u2019edici\u00f3 i l\u2019an\u00e0lisi d\u2019informaci\u00f3, tant en entorn client servidor com en web, de forma intu\u00eftiva y de f\u00e0cil. &nbsp; KARTA permet disposar d\u2019un sol producte corporatiu, per la gesti\u00f3 de la informaci\u00f3 geogr\u00e0fica, centralitzant les [&hellip;]<\/p>\n","protected":false},"author":1,"featured_media":0,"parent":163,"menu_order":0,"comment_status":"closed","ping_status":"closed","template":"producto.php","meta":[],"yoast_head":"<!-- This site is optimized with the Yoast SEO plugin v17.9 - https:\/\/yoast.com\/wordpress\/plugins\/seo\/ -->\n<title>Karta-gis - Aldebaran<\/title>\n<meta name=\"description\" content=\"Soluci\u00f3 especialitzada per la captura y manteniment de dades geogr\u00e0fiques, cartogr\u00e0fiques i informaci\u00f3 georeferenciada mitjan\u00e7ant tecnologia GIS\" \/>\n<meta name=\"robots\" content=\"index, follow, max-snippet:-1, max-image-preview:large, max-video-preview:-1\" \/>\n<link rel=\"canonical\" href=\"http:\/\/www.aldebaranit.com\/ca\/productes\/karta-gis\/\" \/>\n<meta property=\"og:locale\" content=\"ca_ES\" \/>\n<meta property=\"og:type\" content=\"article\" \/>\n<meta property=\"og:title\" content=\"Karta-gis - Aldebaran\" \/>\n<meta property=\"og:description\" content=\"Soluci\u00f3 especialitzada per la captura y manteniment de dades geogr\u00e0fiques, cartogr\u00e0fiques i informaci\u00f3 georeferenciada mitjan\u00e7ant tecnologia GIS\" \/>\n<meta property=\"og:url\" content=\"http:\/\/www.aldebaranit.com\/ca\/productes\/karta-gis\/\" \/>\n<meta property=\"og:site_name\" content=\"Aldebaran\" \/>\n<meta property=\"article:modified_time\" content=\"2016-09-12T15:47:13+00:00\" \/>\n<meta property=\"og:image\" content=\"http:\/\/www.aldebaranit.com\/wp-content\/uploads\/2016\/04\/KARTA_GIS.png\" \/>\n<meta name=\"twitter:card\" content=\"summary\" \/>\n<script type=\"application\/ld+json\" class=\"yoast-schema-graph\">{\"@context\":\"https:\/\/schema.org\",\"@graph\":[{\"@type\":\"WebSite\",\"@id\":\"http:\/\/www.aldebaranit.com\/#website\",\"url\":\"http:\/\/www.aldebaranit.com\/\",\"name\":\"Aldebaran\",\"description\":\"ALDEBARAN 2.0 IT Projects &amp; Services\",\"potentialAction\":[{\"@type\":\"SearchAction\",\"target\":{\"@type\":\"EntryPoint\",\"urlTemplate\":\"http:\/\/www.aldebaranit.com\/?s={search_term_string}\"},\"query-input\":\"required name=search_term_string\"}],\"inLanguage\":\"ca\"},{\"@type\":\"ImageObject\",\"@id\":\"http:\/\/www.aldebaranit.com\/ca\/productes\/karta-gis\/#primaryimage\",\"inLanguage\":\"ca\",\"url\":\"http:\/\/www.aldebaranit.com\/wp-content\/uploads\/2016\/04\/KARTA_GIS.png\",\"contentUrl\":\"http:\/\/www.aldebaranit.com\/wp-content\/uploads\/2016\/04\/KARTA_GIS.png\",\"width\":450,\"height\":300},{\"@type\":\"WebPage\",\"@id\":\"http:\/\/www.aldebaranit.com\/ca\/productes\/karta-gis\/#webpage\",\"url\":\"http:\/\/www.aldebaranit.com\/ca\/productes\/karta-gis\/\",\"name\":\"Karta-gis - Aldebaran\",\"isPartOf\":{\"@id\":\"http:\/\/www.aldebaranit.com\/#website\"},\"primaryImageOfPage\":{\"@id\":\"http:\/\/www.aldebaranit.com\/ca\/productes\/karta-gis\/#primaryimage\"},\"datePublished\":\"2016-04-27T11:34:24+00:00\",\"dateModified\":\"2016-09-12T15:47:13+00:00\",\"description\":\"Soluci\\u00f3 especialitzada per la captura y manteniment de dades geogr\\u00e0fiques, cartogr\\u00e0fiques i informaci\\u00f3 georeferenciada mitjan\\u00e7ant tecnologia GIS\",\"breadcrumb\":{\"@id\":\"http:\/\/www.aldebaranit.com\/ca\/productes\/karta-gis\/#breadcrumb\"},\"inLanguage\":\"ca\",\"potentialAction\":[{\"@type\":\"ReadAction\",\"target\":[\"http:\/\/www.aldebaranit.com\/ca\/productes\/karta-gis\/\"]}]},{\"@type\":\"BreadcrumbList\",\"@id\":\"http:\/\/www.aldebaranit.com\/ca\/productes\/karta-gis\/#breadcrumb\",\"itemListElement\":[{\"@type\":\"ListItem\",\"position\":1,\"name\":\"Portada\",\"item\":\"http:\/\/www.aldebaranit.com\/ca\/\"},{\"@type\":\"ListItem\",\"position\":2,\"name\":\"Productes\",\"item\":\"http:\/\/www.aldebaranit.com\/ca\/productes\/\"},{\"@type\":\"ListItem\",\"position\":3,\"name\":\"Karta-gis\"}]}]}<\/script>\n<!-- \/ Yoast SEO plugin. -->","yoast_head_json":{"title":"Karta-gis - Aldebaran","description":"Soluci\u00f3 especialitzada per la captura y manteniment de dades geogr\u00e0fiques, cartogr\u00e0fiques i informaci\u00f3 georeferenciada mitjan\u00e7ant tecnologia GIS","robots":{"index":"index","follow":"follow","max-snippet":"max-snippet:-1","max-image-preview":"max-image-preview:large","max-video-preview":"max-video-preview:-1"},"canonical":"http:\/\/www.aldebaranit.com\/ca\/productes\/karta-gis\/","og_locale":"ca_ES","og_type":"article","og_title":"Karta-gis - Aldebaran","og_description":"Soluci\u00f3 especialitzada per la captura y manteniment de dades geogr\u00e0fiques, cartogr\u00e0fiques i informaci\u00f3 georeferenciada mitjan\u00e7ant tecnologia GIS","og_url":"http:\/\/www.aldebaranit.com\/ca\/productes\/karta-gis\/","og_site_name":"Aldebaran","article_modified_time":"2016-09-12T15:47:13+00:00","og_image":[{"url":"http:\/\/www.aldebaranit.com\/wp-content\/uploads\/2016\/04\/KARTA_GIS.png"}],"twitter_card":"summary","schema":{"@context":"https:\/\/schema.org","@graph":[{"@type":"WebSite","@id":"http:\/\/www.aldebaranit.com\/#website","url":"http:\/\/www.aldebaranit.com\/","name":"Aldebaran","description":"ALDEBARAN 2.0 IT Projects &amp; Services","potentialAction":[{"@type":"SearchAction","target":{"@type":"EntryPoint","urlTemplate":"http:\/\/www.aldebaranit.com\/?s={search_term_string}"},"query-input":"required name=search_term_string"}],"inLanguage":"ca"},{"@type":"ImageObject","@id":"http:\/\/www.aldebaranit.com\/ca\/productes\/karta-gis\/#primaryimage","inLanguage":"ca","url":"http:\/\/www.aldebaranit.com\/wp-content\/uploads\/2016\/04\/KARTA_GIS.png","contentUrl":"http:\/\/www.aldebaranit.com\/wp-content\/uploads\/2016\/04\/KARTA_GIS.png","width":450,"height":300},{"@type":"WebPage","@id":"http:\/\/www.aldebaranit.com\/ca\/productes\/karta-gis\/#webpage","url":"http:\/\/www.aldebaranit.com\/ca\/productes\/karta-gis\/","name":"Karta-gis - Aldebaran","isPartOf":{"@id":"http:\/\/www.aldebaranit.com\/#website"},"primaryImageOfPage":{"@id":"http:\/\/www.aldebaranit.com\/ca\/productes\/karta-gis\/#primaryimage"},"datePublished":"2016-04-27T11:34:24+00:00","dateModified":"2016-09-12T15:47:13+00:00","description":"Soluci\u00f3 especialitzada per la captura y manteniment de dades geogr\u00e0fiques, cartogr\u00e0fiques i informaci\u00f3 georeferenciada mitjan\u00e7ant tecnologia GIS","breadcrumb":{"@id":"http:\/\/www.aldebaranit.com\/ca\/productes\/karta-gis\/#breadcrumb"},"inLanguage":"ca","potentialAction":[{"@type":"ReadAction","target":["http:\/\/www.aldebaranit.com\/ca\/productes\/karta-gis\/"]}]},{"@type":"BreadcrumbList","@id":"http:\/\/www.aldebaranit.com\/ca\/productes\/karta-gis\/#breadcrumb","itemListElement":[{"@type":"ListItem","position":1,"name":"Portada","item":"http:\/\/www.aldebaranit.com\/ca\/"},{"@type":"ListItem","position":2,"name":"Productes","item":"http:\/\/www.aldebaranit.com\/ca\/productes\/"},{"@type":"ListItem","position":3,"name":"Karta-gis"}]}]}},"_links":{"self":[{"href":"http:\/\/www.aldebaranit.com\/ca\/wp-json\/wp\/v2\/pages\/121"}],"collection":[{"href":"http:\/\/www.aldebaranit.com\/ca\/wp-json\/wp\/v2\/pages"}],"about":[{"href":"http:\/\/www.aldebaranit.com\/ca\/wp-json\/wp\/v2\/types\/page"}],"author":[{"embeddable":true,"href":"http:\/\/www.aldebaranit.com\/ca\/wp-json\/wp\/v2\/users\/1"}],"replies":[{"embeddable":true,"href":"http:\/\/www.aldebaranit.com\/ca\/wp-json\/wp\/v2\/comments?post=121"}],"version-history":[{"count":5,"href":"http:\/\/www.aldebaranit.com\/ca\/wp-json\/wp\/v2\/pages\/121\/revisions"}],"predecessor-version":[{"id":484,"href":"http:\/\/www.aldebaranit.com\/ca\/wp-json\/wp\/v2\/pages\/121\/revisions\/484"}],"up":[{"embeddable":true,"href":"http:\/\/www.aldebaranit.com\/ca\/wp-json\/wp\/v2\/pages\/163"}],"wp:attachment":[{"href":"http:\/\/www.aldebaranit.com\/ca\/wp-json\/wp\/v2\/media?parent=121"}],"curies":[{"name":"wp","href":"https:\/\/api.w.org\/{rel}","templated":true}]}}