{"id":123,"date":"2016-04-26T13:25:14","date_gmt":"2016-04-26T13:25:14","guid":{"rendered":"http:\/\/aldebaranit.com\/ca\/karta-routing-em\/"},"modified":"2021-11-12T06:59:29","modified_gmt":"2021-11-12T06:59:29","slug":"critical-routing","status":"publish","type":"page","link":"http:\/\/www.aldebaranit.com\/ca\/productes\/critical-routing\/","title":{"rendered":"Critical Routing"},"content":{"rendered":"<p>Soluci\u00f3 especialitzada en el c\u00e0lcul de rutes, per vehicles d\u2019emerg\u00e8ncies: Bombers, Ambul\u00e0ncies, Policia, amb prestacions espec\u00edfiques per resoldre necessitats especials, pr\u00f2pies dels serveis d\u2019emerg\u00e8ncies, no resoltes en els navegadors comercials.<\/p>\n<p>El nostre principal objectiu \u00e9s obtenir resultats de confian\u00e7a per el caps d\u2019emerg\u00e8ncies i reduir el temps de resposta.\u00a0 El mitj\u00e0 per aconseguir-ho es convertir l\u2019experi\u00e8ncia en governan\u00e7a de dades y criteris, per tal de garantir la qualitat dels resultats.<\/p>\n<p>Est\u00e0 basat un graf vial d\u2019alta qualitat, amb informaci\u00f3 enriquida apta per el c\u00e0lcul de rutes cr\u00edtiques:<\/p>\n<ul class=\"list-item list-unstyled\">\n<li>Tipus de vies<\/li>\n<li>Al\u00e7ades de pas<\/li>\n<li>Amples \u00fatils i de maniobra<\/li>\n<li>Obstacles, mobiliari urb\u00e0.<\/li>\n<li>Carrers tancats.<\/li>\n<li>Maniobres cr\u00edtiques admeses: girs prohibits, circulaci\u00f3 en contrasentit, canvis de sentit.<\/li>\n<li>Determinaci\u00f3 del tipo de vehicle en funci\u00f3 de la ruta.<\/li>\n<\/ul>\n<p>Simultane\u00eftat per coordinar rutes des de diferents parcs i vehicles.<\/p>\n<p>Per mitj\u00e0 d\u2019un conjunt de connectors el sistema obt\u00e9 informaci\u00f3 de l\u2019estat real del tr\u00e0fic, de las afectacions a la mobilitat, talls de tr\u00e0nsit programats, adaptant la ruta a le circumstancies de cada moment.<\/p>\n<p>Connectat amb els \u201ccorredors verdes\u201d\u00a0 per facilitar la prioritzaci\u00f3 de pas en els encreuaments semaforitzats i obertura anticipada de barreres: peatges, t\u00fanels, ponts,\u2026<\/p>\n<p>El sistema consta dels seg\u00fcents m\u00f2duls:<\/p>\n<div class=\"row\">\n<div class=\"col-md-4\">\n<h3>Administrador:<\/h3>\n<p>Configuraci\u00f3 de criteris i manteniment del graf viari, sense depend\u00e8ncies de cartografies exteriors.<\/p>\n<\/div>\n<div class=\"col-md-4\">\n<h3>Control Room:<\/h3>\n<p>C\u00e0lcul centralitzat, sincronitzat amb el dispatcher, genera una \u00fanica ordre de servei, amb la ruta proposada, la cartografia de la zona d\u2019arribada. Permet a l\u2019 operador del control room introduir canvis o variables.<\/p>\n<\/div>\n<div class=\"col-md-4\">\n<h3>On board:<\/h3>\n<p>Visualitzaci\u00f3, seguiment i rec\u00e0lcul de ruta en dispositiu de \u00a0dispositiu de gran format, amb capacitat per connectar-se a d\u2019altres aplicacions cr\u00edtiques.<\/p>\n<\/div>\n<\/div>\n","protected":false},"excerpt":{"rendered":"<p>Soluci\u00f3 especialitzada en el c\u00e0lcul de rutes, per vehicles d\u2019emerg\u00e8ncies: Bombers, Ambul\u00e0ncies, Policia, amb prestacions espec\u00edfiques per resoldre necessitats especials, pr\u00f2pies dels serveis d\u2019emerg\u00e8ncies, no resoltes en els navegadors comercials. El nostre principal objectiu \u00e9s obtenir resultats de confian\u00e7a per el caps d\u2019emerg\u00e8ncies i reduir el temps de resposta.\u00a0 El mitj\u00e0 per aconseguir-ho es convertir [&hellip;]<\/p>\n","protected":false},"author":1,"featured_media":0,"parent":163,"menu_order":0,"comment_status":"closed","ping_status":"closed","template":"producto.php","meta":[],"yoast_head":"<!-- This site is optimized with the Yoast SEO plugin v17.9 - https:\/\/yoast.com\/wordpress\/plugins\/seo\/ -->\n<title>Critical Routing - Aldebaran<\/title>\n<meta name=\"description\" content=\"Soluci\u00f3 especialitzada en el c\u00e0lcul de rutes, per vehicles d\u2019emerg\u00e8ncies amb prestacions espec\u00edfiques, pr\u00f2pies dels serveis\" \/>\n<meta name=\"robots\" content=\"index, follow, max-snippet:-1, max-image-preview:large, max-video-preview:-1\" \/>\n<link rel=\"canonical\" href=\"http:\/\/www.aldebaranit.com\/ca\/productes\/critical-routing\/\" \/>\n<meta property=\"og:locale\" content=\"ca_ES\" \/>\n<meta property=\"og:type\" content=\"article\" \/>\n<meta property=\"og:title\" content=\"Critical Routing - Aldebaran\" \/>\n<meta property=\"og:description\" content=\"Soluci\u00f3 especialitzada en el c\u00e0lcul de rutes, per vehicles d\u2019emerg\u00e8ncies amb prestacions espec\u00edfiques, pr\u00f2pies dels serveis\" \/>\n<meta property=\"og:url\" content=\"http:\/\/www.aldebaranit.com\/ca\/productes\/critical-routing\/\" \/>\n<meta property=\"og:site_name\" content=\"Aldebaran\" \/>\n<meta property=\"article:modified_time\" content=\"2021-11-12T06:59:29+00:00\" \/>\n<meta name=\"twitter:card\" content=\"summary\" \/>\n<meta name=\"twitter:label1\" content=\"Temps estimat de lectura\" \/>\n\t<meta name=\"twitter:data1\" content=\"2 minuts\" \/>\n<script type=\"application\/ld+json\" class=\"yoast-schema-graph\">{\"@context\":\"https:\/\/schema.org\",\"@graph\":[{\"@type\":\"WebSite\",\"@id\":\"http:\/\/www.aldebaranit.com\/en\/#website\",\"url\":\"http:\/\/www.aldebaranit.com\/en\/\",\"name\":\"Aldebaran\",\"description\":\"ALDEBARAN 2.0 IT Projects &amp; Services\",\"potentialAction\":[{\"@type\":\"SearchAction\",\"target\":{\"@type\":\"EntryPoint\",\"urlTemplate\":\"http:\/\/www.aldebaranit.com\/en\/?s={search_term_string}\"},\"query-input\":\"required name=search_term_string\"}],\"inLanguage\":\"ca\"},{\"@type\":\"WebPage\",\"@id\":\"http:\/\/www.aldebaranit.com\/ca\/productes\/critical-routing\/#webpage\",\"url\":\"http:\/\/www.aldebaranit.com\/ca\/productes\/critical-routing\/\",\"name\":\"Critical Routing - Aldebaran\",\"isPartOf\":{\"@id\":\"http:\/\/www.aldebaranit.com\/en\/#website\"},\"datePublished\":\"2016-04-26T13:25:14+00:00\",\"dateModified\":\"2021-11-12T06:59:29+00:00\",\"description\":\"Soluci\\u00f3 especialitzada en el c\\u00e0lcul de rutes, per vehicles d\\u2019emerg\\u00e8ncies amb prestacions espec\\u00edfiques, pr\\u00f2pies dels serveis\",\"breadcrumb\":{\"@id\":\"http:\/\/www.aldebaranit.com\/ca\/productes\/critical-routing\/#breadcrumb\"},\"inLanguage\":\"ca\",\"potentialAction\":[{\"@type\":\"ReadAction\",\"target\":[\"http:\/\/www.aldebaranit.com\/ca\/productes\/critical-routing\/\"]}]},{\"@type\":\"BreadcrumbList\",\"@id\":\"http:\/\/www.aldebaranit.com\/ca\/productes\/critical-routing\/#breadcrumb\",\"itemListElement\":[{\"@type\":\"ListItem\",\"position\":1,\"name\":\"Portada\",\"item\":\"http:\/\/www.aldebaranit.com\/ca\/\"},{\"@type\":\"ListItem\",\"position\":2,\"name\":\"Productes\",\"item\":\"http:\/\/www.aldebaranit.com\/ca\/productes\/\"},{\"@type\":\"ListItem\",\"position\":3,\"name\":\"Critical Routing\"}]}]}<\/script>\n<!-- \/ Yoast SEO plugin. -->","yoast_head_json":{"title":"Critical Routing - Aldebaran","description":"Soluci\u00f3 especialitzada en el c\u00e0lcul de rutes, per vehicles d\u2019emerg\u00e8ncies amb prestacions espec\u00edfiques, pr\u00f2pies dels serveis","robots":{"index":"index","follow":"follow","max-snippet":"max-snippet:-1","max-image-preview":"max-image-preview:large","max-video-preview":"max-video-preview:-1"},"canonical":"http:\/\/www.aldebaranit.com\/ca\/productes\/critical-routing\/","og_locale":"ca_ES","og_type":"article","og_title":"Critical Routing - Aldebaran","og_description":"Soluci\u00f3 especialitzada en el c\u00e0lcul de rutes, per vehicles d\u2019emerg\u00e8ncies amb prestacions espec\u00edfiques, pr\u00f2pies dels serveis","og_url":"http:\/\/www.aldebaranit.com\/ca\/productes\/critical-routing\/","og_site_name":"Aldebaran","article_modified_time":"2021-11-12T06:59:29+00:00","twitter_card":"summary","twitter_misc":{"Temps estimat de lectura":"2 minuts"},"schema":{"@context":"https:\/\/schema.org","@graph":[{"@type":"WebSite","@id":"http:\/\/www.aldebaranit.com\/en\/#website","url":"http:\/\/www.aldebaranit.com\/en\/","name":"Aldebaran","description":"ALDEBARAN 2.0 IT Projects &amp; Services","potentialAction":[{"@type":"SearchAction","target":{"@type":"EntryPoint","urlTemplate":"http:\/\/www.aldebaranit.com\/en\/?s={search_term_string}"},"query-input":"required name=search_term_string"}],"inLanguage":"ca"},{"@type":"WebPage","@id":"http:\/\/www.aldebaranit.com\/ca\/productes\/critical-routing\/#webpage","url":"http:\/\/www.aldebaranit.com\/ca\/productes\/critical-routing\/","name":"Critical Routing - Aldebaran","isPartOf":{"@id":"http:\/\/www.aldebaranit.com\/en\/#website"},"datePublished":"2016-04-26T13:25:14+00:00","dateModified":"2021-11-12T06:59:29+00:00","description":"Soluci\u00f3 especialitzada en el c\u00e0lcul de rutes, per vehicles d\u2019emerg\u00e8ncies amb prestacions espec\u00edfiques, pr\u00f2pies dels serveis","breadcrumb":{"@id":"http:\/\/www.aldebaranit.com\/ca\/productes\/critical-routing\/#breadcrumb"},"inLanguage":"ca","potentialAction":[{"@type":"ReadAction","target":["http:\/\/www.aldebaranit.com\/ca\/productes\/critical-routing\/"]}]},{"@type":"BreadcrumbList","@id":"http:\/\/www.aldebaranit.com\/ca\/productes\/critical-routing\/#breadcrumb","itemListElement":[{"@type":"ListItem","position":1,"name":"Portada","item":"http:\/\/www.aldebaranit.com\/ca\/"},{"@type":"ListItem","position":2,"name":"Productes","item":"http:\/\/www.aldebaranit.com\/ca\/productes\/"},{"@type":"ListItem","position":3,"name":"Critical Routing"}]}]}},"_links":{"self":[{"href":"http:\/\/www.aldebaranit.com\/ca\/wp-json\/wp\/v2\/pages\/123"}],"collection":[{"href":"http:\/\/www.aldebaranit.com\/ca\/wp-json\/wp\/v2\/pages"}],"about":[{"href":"http:\/\/www.aldebaranit.com\/ca\/wp-json\/wp\/v2\/types\/page"}],"author":[{"embeddable":true,"href":"http:\/\/www.aldebaranit.com\/ca\/wp-json\/wp\/v2\/users\/1"}],"replies":[{"embeddable":true,"href":"http:\/\/www.aldebaranit.com\/ca\/wp-json\/wp\/v2\/comments?post=123"}],"version-history":[{"count":4,"href":"http:\/\/www.aldebaranit.com\/ca\/wp-json\/wp\/v2\/pages\/123\/revisions"}],"predecessor-version":[{"id":499,"href":"http:\/\/www.aldebaranit.com\/ca\/wp-json\/wp\/v2\/pages\/123\/revisions\/499"}],"up":[{"embeddable":true,"href":"http:\/\/www.aldebaranit.com\/ca\/wp-json\/wp\/v2\/pages\/163"}],"wp:attachment":[{"href":"http:\/\/www.aldebaranit.com\/ca\/wp-json\/wp\/v2\/media?parent=123"}],"curies":[{"name":"wp","href":"https:\/\/api.w.org\/{rel}","templated":true}]}}