{"id":129,"date":"2016-04-27T13:08:03","date_gmt":"2016-04-27T13:08:03","guid":{"rendered":"http:\/\/aldebaranit.com\/ca\/k-geoportal\/"},"modified":"2016-09-12T14:34:14","modified_gmt":"2016-09-12T14:34:14","slug":"k-geoportal","status":"publish","type":"page","link":"http:\/\/www.aldebaranit.com\/ca\/productes\/k-geoportal\/","title":{"rendered":"K-Geoportal"},"content":{"rendered":"<p>Visor territorial avan\u00e7at, \u00a0representa sobre el mapa la informaci\u00f3 t\u00e8cnica, urban\u00edstica, administrativa y fiscal de las corporacions. \u00a0\u00a0El resultats permet obtenir una visi\u00f3 i representaci\u00f3 de la informaci\u00f3 que fins el moment nom\u00e9s eren dades disperses en els formats tradicionals: documents, fulles de c\u00e0lcul, \u2026<\/p>\n<p>L\u2019acc\u00e9s es realitza mitjan\u00e7ant tecnologia web, de f\u00e0cil us per a qualsevol perfil d\u2019usuari, presentant els resultats amb format de geoportal, el que permet combinar diferents visions del territori en una sola tecnologia y accessible per a tothom.<\/p>\n<p>La implantaci\u00f3 abasta la publicaci\u00f3, l\u2019an\u00e0lisi d\u2019informaci\u00f3 georeferenciada de companyies p\u00fabliques i privades.<\/p>\n<ul class=\"list-unstyled list-item\">\n<li>Urbanisme i planificaci\u00f3 urbana<\/li>\n<li>Guies urbanes i inventaris<\/li>\n<li>Fiscalitat e impostos<\/li>\n<li>Cadastre<\/li>\n<li>Govern y seguretat<\/li>\n<li>Geografia dels negocis<\/li>\n<\/ul>\n","protected":false},"excerpt":{"rendered":"<p>Visor territorial avan\u00e7at, \u00a0representa sobre el mapa la informaci\u00f3 t\u00e8cnica, urban\u00edstica, administrativa y fiscal de las corporacions. \u00a0\u00a0El resultats permet obtenir una visi\u00f3 i representaci\u00f3 de la informaci\u00f3 que fins el moment nom\u00e9s eren dades disperses en els formats tradicionals: documents, fulles de c\u00e0lcul, \u2026 L\u2019acc\u00e9s es realitza mitjan\u00e7ant tecnologia web, de f\u00e0cil us per [&hellip;]<\/p>\n","protected":false},"author":1,"featured_media":0,"parent":163,"menu_order":0,"comment_status":"closed","ping_status":"closed","template":"producto.php","meta":[],"yoast_head":"<!-- This site is optimized with the Yoast SEO plugin v17.9 - https:\/\/yoast.com\/wordpress\/plugins\/seo\/ -->\n<title>K-Geoportal - Aldebaran<\/title>\n<meta name=\"description\" content=\"Visor territorial avan\u00e7at, representa sobre el mapa la informaci\u00f3 t\u00e8cnica, urban\u00edstica, administrativa y fiscal de las corporacions.\" \/>\n<meta name=\"robots\" content=\"index, follow, max-snippet:-1, max-image-preview:large, max-video-preview:-1\" \/>\n<link rel=\"canonical\" href=\"http:\/\/www.aldebaranit.com\/ca\/productes\/k-geoportal\/\" \/>\n<meta property=\"og:locale\" content=\"ca_ES\" \/>\n<meta property=\"og:type\" content=\"article\" \/>\n<meta property=\"og:title\" content=\"K-Geoportal - Aldebaran\" \/>\n<meta property=\"og:description\" content=\"Visor territorial avan\u00e7at, representa sobre el mapa la informaci\u00f3 t\u00e8cnica, urban\u00edstica, administrativa y fiscal de las corporacions.\" \/>\n<meta property=\"og:url\" content=\"http:\/\/www.aldebaranit.com\/ca\/productes\/k-geoportal\/\" \/>\n<meta property=\"og:site_name\" content=\"Aldebaran\" \/>\n<meta property=\"article:modified_time\" content=\"2016-09-12T14:34:14+00:00\" \/>\n<meta name=\"twitter:card\" content=\"summary\" \/>\n<meta name=\"twitter:label1\" content=\"Temps estimat de lectura\" \/>\n\t<meta name=\"twitter:data1\" content=\"1 minut\" \/>\n<script type=\"application\/ld+json\" class=\"yoast-schema-graph\">{\"@context\":\"https:\/\/schema.org\",\"@graph\":[{\"@type\":\"WebSite\",\"@id\":\"http:\/\/www.aldebaranit.com\/en\/#website\",\"url\":\"http:\/\/www.aldebaranit.com\/en\/\",\"name\":\"Aldebaran\",\"description\":\"ALDEBARAN 2.0 IT Projects &amp; Services\",\"potentialAction\":[{\"@type\":\"SearchAction\",\"target\":{\"@type\":\"EntryPoint\",\"urlTemplate\":\"http:\/\/www.aldebaranit.com\/en\/?s={search_term_string}\"},\"query-input\":\"required name=search_term_string\"}],\"inLanguage\":\"ca\"},{\"@type\":\"WebPage\",\"@id\":\"http:\/\/www.aldebaranit.com\/ca\/productes\/k-geoportal\/#webpage\",\"url\":\"http:\/\/www.aldebaranit.com\/ca\/productes\/k-geoportal\/\",\"name\":\"K-Geoportal - Aldebaran\",\"isPartOf\":{\"@id\":\"http:\/\/www.aldebaranit.com\/en\/#website\"},\"datePublished\":\"2016-04-27T13:08:03+00:00\",\"dateModified\":\"2016-09-12T14:34:14+00:00\",\"description\":\"Visor territorial avan\\u00e7at, representa sobre el mapa la informaci\\u00f3 t\\u00e8cnica, urban\\u00edstica, administrativa y fiscal de las corporacions.\",\"breadcrumb\":{\"@id\":\"http:\/\/www.aldebaranit.com\/ca\/productes\/k-geoportal\/#breadcrumb\"},\"inLanguage\":\"ca\",\"potentialAction\":[{\"@type\":\"ReadAction\",\"target\":[\"http:\/\/www.aldebaranit.com\/ca\/productes\/k-geoportal\/\"]}]},{\"@type\":\"BreadcrumbList\",\"@id\":\"http:\/\/www.aldebaranit.com\/ca\/productes\/k-geoportal\/#breadcrumb\",\"itemListElement\":[{\"@type\":\"ListItem\",\"position\":1,\"name\":\"Portada\",\"item\":\"http:\/\/www.aldebaranit.com\/ca\/\"},{\"@type\":\"ListItem\",\"position\":2,\"name\":\"Productes\",\"item\":\"http:\/\/www.aldebaranit.com\/ca\/productes\/\"},{\"@type\":\"ListItem\",\"position\":3,\"name\":\"K-Geoportal\"}]}]}<\/script>\n<!-- \/ Yoast SEO plugin. -->","yoast_head_json":{"title":"K-Geoportal - Aldebaran","description":"Visor territorial avan\u00e7at, representa sobre el mapa la informaci\u00f3 t\u00e8cnica, urban\u00edstica, administrativa y fiscal de las corporacions.","robots":{"index":"index","follow":"follow","max-snippet":"max-snippet:-1","max-image-preview":"max-image-preview:large","max-video-preview":"max-video-preview:-1"},"canonical":"http:\/\/www.aldebaranit.com\/ca\/productes\/k-geoportal\/","og_locale":"ca_ES","og_type":"article","og_title":"K-Geoportal - Aldebaran","og_description":"Visor territorial avan\u00e7at, representa sobre el mapa la informaci\u00f3 t\u00e8cnica, urban\u00edstica, administrativa y fiscal de las corporacions.","og_url":"http:\/\/www.aldebaranit.com\/ca\/productes\/k-geoportal\/","og_site_name":"Aldebaran","article_modified_time":"2016-09-12T14:34:14+00:00","twitter_card":"summary","twitter_misc":{"Temps estimat de lectura":"1 minut"},"schema":{"@context":"https:\/\/schema.org","@graph":[{"@type":"WebSite","@id":"http:\/\/www.aldebaranit.com\/en\/#website","url":"http:\/\/www.aldebaranit.com\/en\/","name":"Aldebaran","description":"ALDEBARAN 2.0 IT Projects &amp; Services","potentialAction":[{"@type":"SearchAction","target":{"@type":"EntryPoint","urlTemplate":"http:\/\/www.aldebaranit.com\/en\/?s={search_term_string}"},"query-input":"required name=search_term_string"}],"inLanguage":"ca"},{"@type":"WebPage","@id":"http:\/\/www.aldebaranit.com\/ca\/productes\/k-geoportal\/#webpage","url":"http:\/\/www.aldebaranit.com\/ca\/productes\/k-geoportal\/","name":"K-Geoportal - Aldebaran","isPartOf":{"@id":"http:\/\/www.aldebaranit.com\/en\/#website"},"datePublished":"2016-04-27T13:08:03+00:00","dateModified":"2016-09-12T14:34:14+00:00","description":"Visor territorial avan\u00e7at, representa sobre el mapa la informaci\u00f3 t\u00e8cnica, urban\u00edstica, administrativa y fiscal de las corporacions.","breadcrumb":{"@id":"http:\/\/www.aldebaranit.com\/ca\/productes\/k-geoportal\/#breadcrumb"},"inLanguage":"ca","potentialAction":[{"@type":"ReadAction","target":["http:\/\/www.aldebaranit.com\/ca\/productes\/k-geoportal\/"]}]},{"@type":"BreadcrumbList","@id":"http:\/\/www.aldebaranit.com\/ca\/productes\/k-geoportal\/#breadcrumb","itemListElement":[{"@type":"ListItem","position":1,"name":"Portada","item":"http:\/\/www.aldebaranit.com\/ca\/"},{"@type":"ListItem","position":2,"name":"Productes","item":"http:\/\/www.aldebaranit.com\/ca\/productes\/"},{"@type":"ListItem","position":3,"name":"K-Geoportal"}]}]}},"_links":{"self":[{"href":"http:\/\/www.aldebaranit.com\/ca\/wp-json\/wp\/v2\/pages\/129"}],"collection":[{"href":"http:\/\/www.aldebaranit.com\/ca\/wp-json\/wp\/v2\/pages"}],"about":[{"href":"http:\/\/www.aldebaranit.com\/ca\/wp-json\/wp\/v2\/types\/page"}],"author":[{"embeddable":true,"href":"http:\/\/www.aldebaranit.com\/ca\/wp-json\/wp\/v2\/users\/1"}],"replies":[{"embeddable":true,"href":"http:\/\/www.aldebaranit.com\/ca\/wp-json\/wp\/v2\/comments?post=129"}],"version-history":[{"count":3,"href":"http:\/\/www.aldebaranit.com\/ca\/wp-json\/wp\/v2\/pages\/129\/revisions"}],"predecessor-version":[{"id":336,"href":"http:\/\/www.aldebaranit.com\/ca\/wp-json\/wp\/v2\/pages\/129\/revisions\/336"}],"up":[{"embeddable":true,"href":"http:\/\/www.aldebaranit.com\/ca\/wp-json\/wp\/v2\/pages\/163"}],"wp:attachment":[{"href":"http:\/\/www.aldebaranit.com\/ca\/wp-json\/wp\/v2\/media?parent=129"}],"curies":[{"name":"wp","href":"https:\/\/api.w.org\/{rel}","templated":true}]}}