{"id":125,"date":"2016-04-27T13:04:18","date_gmt":"2016-04-27T13:04:18","guid":{"rendered":"http:\/\/aldebaranit.com\/ca\/intertrafic\/"},"modified":"2016-09-12T15:48:10","modified_gmt":"2016-09-12T15:48:10","slug":"intertrafic","status":"publish","type":"page","link":"https:\/\/www.aldebaranit.com\/ca\/productes\/intertrafic\/","title":{"rendered":"Intertrafic"},"content":{"rendered":"<p>Sistema expert en la gesti\u00f3 de les ocupacions de la via p\u00fablica: obres, \u00a0events esportius, actes culturals \u2026. Que provoquen talls o <strong>\u201cafectacions al tr\u00e0fic\u201d.<\/strong><\/p>\n<p>Mitjan\u00e7ant tecnologia ETL, permet georeferenciar les autoritzacions d\u2019ocupaci\u00f3 de l\u2019espai p\u00fablic amb el mapa de carrers.<\/p>\n<p>El resultat permet informar anticipadament al ciutad\u00e0, millorant la planificaci\u00f3 dels despla\u00e7aments, evitant l\u2019efecte \u201cquedar atrapat\u201d.<\/p>\n<p>&nbsp;<\/p>\n<p><img loading=\"lazy\" class=\"alignnone wp-image-377 size-full\" title=\"Intertrafic\" src=\"http:\/\/www.aldebaranit.com\/wp-content\/uploads\/2016\/04\/intertrafic-00.jpg\" alt=\"Intertrafic\" width=\"1200\" height=\"670\" srcset=\"https:\/\/www.aldebaranit.com\/wp-content\/uploads\/2016\/04\/intertrafic-00.jpg 1200w, https:\/\/www.aldebaranit.com\/wp-content\/uploads\/2016\/04\/intertrafic-00-300x168.jpg 300w, https:\/\/www.aldebaranit.com\/wp-content\/uploads\/2016\/04\/intertrafic-00-768x429.jpg 768w, https:\/\/www.aldebaranit.com\/wp-content\/uploads\/2016\/04\/intertrafic-00-1024x572.jpg 1024w\" sizes=\"(max-width: 1200px) 100vw, 1200px\" \/><\/p>\n","protected":false},"excerpt":{"rendered":"<p>Sistema expert en la gesti\u00f3 de les ocupacions de la via p\u00fablica: obres, \u00a0events esportius, actes culturals \u2026. Que provoquen talls o \u201cafectacions al tr\u00e0fic\u201d. Mitjan\u00e7ant tecnologia ETL, permet georeferenciar les autoritzacions d\u2019ocupaci\u00f3 de l\u2019espai p\u00fablic amb el mapa de carrers. El resultat permet informar anticipadament al ciutad\u00e0, millorant la planificaci\u00f3 dels despla\u00e7aments, evitant l\u2019efecte [&hellip;]<\/p>\n","protected":false},"author":1,"featured_media":0,"parent":163,"menu_order":0,"comment_status":"closed","ping_status":"closed","template":"producto.php","meta":[],"yoast_head":"<!-- This site is optimized with the Yoast SEO plugin v17.9 - https:\/\/yoast.com\/wordpress\/plugins\/seo\/ -->\n<title>Intertrafic - Aldebaran<\/title>\n<meta name=\"description\" content=\"Sistema expert en la gesti\u00f3 de les ocupacions de la via p\u00fablica: obres, events esportius, actes culturals \u2026. Que provoquen talls o \u201cafectacions al tr\u00e0fic\u201d.\" \/>\n<meta name=\"robots\" content=\"index, follow, max-snippet:-1, max-image-preview:large, max-video-preview:-1\" \/>\n<link rel=\"canonical\" href=\"https:\/\/www.aldebaranit.com\/ca\/productes\/intertrafic\/\" \/>\n<meta property=\"og:locale\" content=\"ca_ES\" \/>\n<meta property=\"og:type\" content=\"article\" \/>\n<meta property=\"og:title\" content=\"Intertrafic - Aldebaran\" \/>\n<meta property=\"og:description\" content=\"Sistema expert en la gesti\u00f3 de les ocupacions de la via p\u00fablica: obres, events esportius, actes culturals \u2026. Que provoquen talls o \u201cafectacions al tr\u00e0fic\u201d.\" \/>\n<meta property=\"og:url\" content=\"https:\/\/www.aldebaranit.com\/ca\/productes\/intertrafic\/\" \/>\n<meta property=\"og:site_name\" content=\"Aldebaran\" \/>\n<meta property=\"article:modified_time\" content=\"2016-09-12T15:48:10+00:00\" \/>\n<meta property=\"og:image\" content=\"http:\/\/www.aldebaranit.com\/wp-content\/uploads\/2016\/04\/intertrafic-00.jpg\" \/>\n<meta name=\"twitter:card\" content=\"summary\" \/>\n<script type=\"application\/ld+json\" class=\"yoast-schema-graph\">{\"@context\":\"https:\/\/schema.org\",\"@graph\":[{\"@type\":\"WebSite\",\"@id\":\"http:\/\/www.aldebaranit.com\/#website\",\"url\":\"http:\/\/www.aldebaranit.com\/\",\"name\":\"Aldebaran\",\"description\":\"ALDEBARAN 2.0 IT Projects &amp; Services\",\"potentialAction\":[{\"@type\":\"SearchAction\",\"target\":{\"@type\":\"EntryPoint\",\"urlTemplate\":\"http:\/\/www.aldebaranit.com\/?s={search_term_string}\"},\"query-input\":\"required name=search_term_string\"}],\"inLanguage\":\"ca\"},{\"@type\":\"ImageObject\",\"@id\":\"https:\/\/www.aldebaranit.com\/ca\/productes\/intertrafic\/#primaryimage\",\"inLanguage\":\"ca\",\"url\":\"http:\/\/www.aldebaranit.com\/wp-content\/uploads\/2016\/04\/intertrafic-00.jpg\",\"contentUrl\":\"http:\/\/www.aldebaranit.com\/wp-content\/uploads\/2016\/04\/intertrafic-00.jpg\"},{\"@type\":\"WebPage\",\"@id\":\"https:\/\/www.aldebaranit.com\/ca\/productes\/intertrafic\/#webpage\",\"url\":\"https:\/\/www.aldebaranit.com\/ca\/productes\/intertrafic\/\",\"name\":\"Intertrafic - Aldebaran\",\"isPartOf\":{\"@id\":\"http:\/\/www.aldebaranit.com\/#website\"},\"primaryImageOfPage\":{\"@id\":\"https:\/\/www.aldebaranit.com\/ca\/productes\/intertrafic\/#primaryimage\"},\"datePublished\":\"2016-04-27T13:04:18+00:00\",\"dateModified\":\"2016-09-12T15:48:10+00:00\",\"description\":\"Sistema expert en la gesti\\u00f3 de les ocupacions de la via p\\u00fablica: obres, events esportius, actes culturals \\u2026. Que provoquen talls o \\u201cafectacions al tr\\u00e0fic\\u201d.\",\"breadcrumb\":{\"@id\":\"https:\/\/www.aldebaranit.com\/ca\/productes\/intertrafic\/#breadcrumb\"},\"inLanguage\":\"ca\",\"potentialAction\":[{\"@type\":\"ReadAction\",\"target\":[\"https:\/\/www.aldebaranit.com\/ca\/productes\/intertrafic\/\"]}]},{\"@type\":\"BreadcrumbList\",\"@id\":\"https:\/\/www.aldebaranit.com\/ca\/productes\/intertrafic\/#breadcrumb\",\"itemListElement\":[{\"@type\":\"ListItem\",\"position\":1,\"name\":\"Portada\",\"item\":\"http:\/\/www.aldebaranit.com\/ca\/\"},{\"@type\":\"ListItem\",\"position\":2,\"name\":\"Productes\",\"item\":\"http:\/\/www.aldebaranit.com\/ca\/productes\/\"},{\"@type\":\"ListItem\",\"position\":3,\"name\":\"Intertrafic\"}]}]}<\/script>\n<!-- \/ Yoast SEO plugin. -->","yoast_head_json":{"title":"Intertrafic - Aldebaran","description":"Sistema expert en la gesti\u00f3 de les ocupacions de la via p\u00fablica: obres, events esportius, actes culturals \u2026. Que provoquen talls o \u201cafectacions al tr\u00e0fic\u201d.","robots":{"index":"index","follow":"follow","max-snippet":"max-snippet:-1","max-image-preview":"max-image-preview:large","max-video-preview":"max-video-preview:-1"},"canonical":"https:\/\/www.aldebaranit.com\/ca\/productes\/intertrafic\/","og_locale":"ca_ES","og_type":"article","og_title":"Intertrafic - Aldebaran","og_description":"Sistema expert en la gesti\u00f3 de les ocupacions de la via p\u00fablica: obres, events esportius, actes culturals \u2026. Que provoquen talls o \u201cafectacions al tr\u00e0fic\u201d.","og_url":"https:\/\/www.aldebaranit.com\/ca\/productes\/intertrafic\/","og_site_name":"Aldebaran","article_modified_time":"2016-09-12T15:48:10+00:00","og_image":[{"url":"http:\/\/www.aldebaranit.com\/wp-content\/uploads\/2016\/04\/intertrafic-00.jpg"}],"twitter_card":"summary","schema":{"@context":"https:\/\/schema.org","@graph":[{"@type":"WebSite","@id":"http:\/\/www.aldebaranit.com\/#website","url":"http:\/\/www.aldebaranit.com\/","name":"Aldebaran","description":"ALDEBARAN 2.0 IT Projects &amp; Services","potentialAction":[{"@type":"SearchAction","target":{"@type":"EntryPoint","urlTemplate":"http:\/\/www.aldebaranit.com\/?s={search_term_string}"},"query-input":"required name=search_term_string"}],"inLanguage":"ca"},{"@type":"ImageObject","@id":"https:\/\/www.aldebaranit.com\/ca\/productes\/intertrafic\/#primaryimage","inLanguage":"ca","url":"http:\/\/www.aldebaranit.com\/wp-content\/uploads\/2016\/04\/intertrafic-00.jpg","contentUrl":"http:\/\/www.aldebaranit.com\/wp-content\/uploads\/2016\/04\/intertrafic-00.jpg"},{"@type":"WebPage","@id":"https:\/\/www.aldebaranit.com\/ca\/productes\/intertrafic\/#webpage","url":"https:\/\/www.aldebaranit.com\/ca\/productes\/intertrafic\/","name":"Intertrafic - Aldebaran","isPartOf":{"@id":"http:\/\/www.aldebaranit.com\/#website"},"primaryImageOfPage":{"@id":"https:\/\/www.aldebaranit.com\/ca\/productes\/intertrafic\/#primaryimage"},"datePublished":"2016-04-27T13:04:18+00:00","dateModified":"2016-09-12T15:48:10+00:00","description":"Sistema expert en la gesti\u00f3 de les ocupacions de la via p\u00fablica: obres, events esportius, actes culturals \u2026. Que provoquen talls o \u201cafectacions al tr\u00e0fic\u201d.","breadcrumb":{"@id":"https:\/\/www.aldebaranit.com\/ca\/productes\/intertrafic\/#breadcrumb"},"inLanguage":"ca","potentialAction":[{"@type":"ReadAction","target":["https:\/\/www.aldebaranit.com\/ca\/productes\/intertrafic\/"]}]},{"@type":"BreadcrumbList","@id":"https:\/\/www.aldebaranit.com\/ca\/productes\/intertrafic\/#breadcrumb","itemListElement":[{"@type":"ListItem","position":1,"name":"Portada","item":"http:\/\/www.aldebaranit.com\/ca\/"},{"@type":"ListItem","position":2,"name":"Productes","item":"http:\/\/www.aldebaranit.com\/ca\/productes\/"},{"@type":"ListItem","position":3,"name":"Intertrafic"}]}]}},"_links":{"self":[{"href":"https:\/\/www.aldebaranit.com\/ca\/wp-json\/wp\/v2\/pages\/125"}],"collection":[{"href":"https:\/\/www.aldebaranit.com\/ca\/wp-json\/wp\/v2\/pages"}],"about":[{"href":"https:\/\/www.aldebaranit.com\/ca\/wp-json\/wp\/v2\/types\/page"}],"author":[{"embeddable":true,"href":"https:\/\/www.aldebaranit.com\/ca\/wp-json\/wp\/v2\/users\/1"}],"replies":[{"embeddable":true,"href":"https:\/\/www.aldebaranit.com\/ca\/wp-json\/wp\/v2\/comments?post=125"}],"version-history":[{"count":6,"href":"https:\/\/www.aldebaranit.com\/ca\/wp-json\/wp\/v2\/pages\/125\/revisions"}],"predecessor-version":[{"id":489,"href":"https:\/\/www.aldebaranit.com\/ca\/wp-json\/wp\/v2\/pages\/125\/revisions\/489"}],"up":[{"embeddable":true,"href":"https:\/\/www.aldebaranit.com\/ca\/wp-json\/wp\/v2\/pages\/163"}],"wp:attachment":[{"href":"https:\/\/www.aldebaranit.com\/ca\/wp-json\/wp\/v2\/media?parent=125"}],"curies":[{"name":"wp","href":"https:\/\/api.w.org\/{rel}","templated":true}]}}