{"id":127,"date":"2016-04-27T13:05:08","date_gmt":"2016-04-27T13:05:08","guid":{"rendered":"http:\/\/aldebaranit.com\/ca\/smart-street\/"},"modified":"2016-09-12T15:48:13","modified_gmt":"2016-09-12T15:48:13","slug":"smart-street","status":"publish","type":"page","link":"https:\/\/www.aldebaranit.com\/ca\/productes\/smart-street\/","title":{"rendered":"Smart Street"},"content":{"rendered":"<p>Soluci\u00f3 de software que permet crear una <strong>\u201cInfraestructura d\u2019informaci\u00f3 geogr\u00e0fica\u201d<\/strong> adaptada per a la georeferenciaci\u00f3 de xarxes de sensors, permet relacionar les dades capturades en temps real amb informaci\u00f3 corporativa: t\u00e8cnica, administrativa, social,\u2026<\/p>\n<p>Com a resultat\u00a0 s\u2019obt\u00e9 la combinaci\u00f3 de dos components estrat\u00e8gics: <strong>\u201cInternet of things IOT\u201d <\/strong>i el <strong>\u201cterritori\u201d.<\/strong> Permet realitzar an\u00e0lisis complexos, relacionant la realitat de les ciutats i la seva influ\u00e8ncia amb les persones u els seus h\u00e0bits.<\/p>\n<p>&nbsp;<\/p>\n<p><img loading=\"lazy\" class=\"alignnone wp-image-391 size-full\" title=\"Smart Street\" src=\"http:\/\/www.aldebaranit.com\/wp-content\/uploads\/2016\/04\/smart-street.jpg\" alt=\"Smart Street\" width=\"1200\" height=\"670\" srcset=\"https:\/\/www.aldebaranit.com\/wp-content\/uploads\/2016\/04\/smart-street.jpg 1200w, https:\/\/www.aldebaranit.com\/wp-content\/uploads\/2016\/04\/smart-street-300x168.jpg 300w, https:\/\/www.aldebaranit.com\/wp-content\/uploads\/2016\/04\/smart-street-768x429.jpg 768w, https:\/\/www.aldebaranit.com\/wp-content\/uploads\/2016\/04\/smart-street-1024x572.jpg 1024w\" sizes=\"(max-width: 1200px) 100vw, 1200px\" \/><\/p>\n","protected":false},"excerpt":{"rendered":"<p>Soluci\u00f3 de software que permet crear una \u201cInfraestructura d\u2019informaci\u00f3 geogr\u00e0fica\u201d adaptada per a la georeferenciaci\u00f3 de xarxes de sensors, permet relacionar les dades capturades en temps real amb informaci\u00f3 corporativa: t\u00e8cnica, administrativa, social,\u2026 Com a resultat\u00a0 s\u2019obt\u00e9 la combinaci\u00f3 de dos components estrat\u00e8gics: \u201cInternet of things IOT\u201d i el \u201cterritori\u201d. Permet realitzar an\u00e0lisis complexos, relacionant [&hellip;]<\/p>\n","protected":false},"author":1,"featured_media":0,"parent":163,"menu_order":0,"comment_status":"closed","ping_status":"closed","template":"producto.php","meta":[],"yoast_head":"<!-- This site is optimized with the Yoast SEO plugin v17.9 - https:\/\/yoast.com\/wordpress\/plugins\/seo\/ -->\n<title>Smart Street - Aldebaran<\/title>\n<meta name=\"robots\" content=\"index, follow, max-snippet:-1, max-image-preview:large, max-video-preview:-1\" \/>\n<link rel=\"canonical\" href=\"http:\/\/www.aldebaranit.com\/productos\/smart-street\/\" \/>\n<meta property=\"og:locale\" content=\"ca_ES\" \/>\n<meta property=\"og:type\" content=\"article\" \/>\n<meta property=\"og:title\" content=\"Smart Street - Aldebaran\" \/>\n<meta property=\"og:description\" content=\"Soluci\u00f3 de software que permet crear una \u201cInfraestructura d\u2019informaci\u00f3 geogr\u00e0fica\u201d adaptada per a la georeferenciaci\u00f3 de xarxes de sensors, permet relacionar les dades capturades en temps real amb informaci\u00f3 corporativa: t\u00e8cnica, administrativa, social,\u2026 Com a resultat\u00a0 s\u2019obt\u00e9 la combinaci\u00f3 de dos components estrat\u00e8gics: \u201cInternet of things IOT\u201d i el \u201cterritori\u201d. Permet realitzar an\u00e0lisis complexos, relacionant [&hellip;]\" \/>\n<meta property=\"og:url\" content=\"http:\/\/www.aldebaranit.com\/productos\/smart-street\/\" \/>\n<meta property=\"og:site_name\" content=\"Aldebaran\" \/>\n<meta property=\"article:modified_time\" content=\"2016-09-12T15:48:13+00:00\" \/>\n<meta property=\"og:image\" content=\"http:\/\/www.aldebaranit.com\/wp-content\/uploads\/2016\/04\/smart-street.jpg\" \/>\n<meta name=\"twitter:card\" content=\"summary\" \/>\n<script type=\"application\/ld+json\" class=\"yoast-schema-graph\">{\"@context\":\"https:\/\/schema.org\",\"@graph\":[{\"@type\":\"WebSite\",\"@id\":\"http:\/\/www.aldebaranit.com\/ca\/#website\",\"url\":\"http:\/\/www.aldebaranit.com\/ca\/\",\"name\":\"Aldebaran\",\"description\":\"ALDEBARAN 2.0 IT Projects &amp; Services\",\"potentialAction\":[{\"@type\":\"SearchAction\",\"target\":{\"@type\":\"EntryPoint\",\"urlTemplate\":\"http:\/\/www.aldebaranit.com\/ca\/?s={search_term_string}\"},\"query-input\":\"required name=search_term_string\"}],\"inLanguage\":\"ca\"},{\"@type\":\"ImageObject\",\"@id\":\"http:\/\/www.aldebaranit.com\/productos\/smart-street\/#primaryimage\",\"inLanguage\":\"ca\",\"url\":\"http:\/\/www.aldebaranit.com\/wp-content\/uploads\/2016\/04\/smart-street.jpg\",\"contentUrl\":\"http:\/\/www.aldebaranit.com\/wp-content\/uploads\/2016\/04\/smart-street.jpg\"},{\"@type\":\"WebPage\",\"@id\":\"http:\/\/www.aldebaranit.com\/productos\/smart-street\/#webpage\",\"url\":\"http:\/\/www.aldebaranit.com\/productos\/smart-street\/\",\"name\":\"Smart Street - Aldebaran\",\"isPartOf\":{\"@id\":\"http:\/\/www.aldebaranit.com\/ca\/#website\"},\"primaryImageOfPage\":{\"@id\":\"http:\/\/www.aldebaranit.com\/productos\/smart-street\/#primaryimage\"},\"datePublished\":\"2016-04-27T13:05:08+00:00\",\"dateModified\":\"2016-09-12T15:48:13+00:00\",\"breadcrumb\":{\"@id\":\"http:\/\/www.aldebaranit.com\/productos\/smart-street\/#breadcrumb\"},\"inLanguage\":\"ca\",\"potentialAction\":[{\"@type\":\"ReadAction\",\"target\":[\"http:\/\/www.aldebaranit.com\/productos\/smart-street\/\"]}]},{\"@type\":\"BreadcrumbList\",\"@id\":\"http:\/\/www.aldebaranit.com\/productos\/smart-street\/#breadcrumb\",\"itemListElement\":[{\"@type\":\"ListItem\",\"position\":1,\"name\":\"Portada\",\"item\":\"http:\/\/www.aldebaranit.com\/ca\/\"},{\"@type\":\"ListItem\",\"position\":2,\"name\":\"Productes\",\"item\":\"http:\/\/www.aldebaranit.com\/ca\/productes\/\"},{\"@type\":\"ListItem\",\"position\":3,\"name\":\"Smart Street\"}]}]}<\/script>\n<!-- \/ Yoast SEO plugin. -->","yoast_head_json":{"title":"Smart Street - Aldebaran","robots":{"index":"index","follow":"follow","max-snippet":"max-snippet:-1","max-image-preview":"max-image-preview:large","max-video-preview":"max-video-preview:-1"},"canonical":"http:\/\/www.aldebaranit.com\/productos\/smart-street\/","og_locale":"ca_ES","og_type":"article","og_title":"Smart Street - Aldebaran","og_description":"Soluci\u00f3 de software que permet crear una \u201cInfraestructura d\u2019informaci\u00f3 geogr\u00e0fica\u201d adaptada per a la georeferenciaci\u00f3 de xarxes de sensors, permet relacionar les dades capturades en temps real amb informaci\u00f3 corporativa: t\u00e8cnica, administrativa, social,\u2026 Com a resultat\u00a0 s\u2019obt\u00e9 la combinaci\u00f3 de dos components estrat\u00e8gics: \u201cInternet of things IOT\u201d i el \u201cterritori\u201d. Permet realitzar an\u00e0lisis complexos, relacionant [&hellip;]","og_url":"http:\/\/www.aldebaranit.com\/productos\/smart-street\/","og_site_name":"Aldebaran","article_modified_time":"2016-09-12T15:48:13+00:00","og_image":[{"url":"http:\/\/www.aldebaranit.com\/wp-content\/uploads\/2016\/04\/smart-street.jpg"}],"twitter_card":"summary","schema":{"@context":"https:\/\/schema.org","@graph":[{"@type":"WebSite","@id":"http:\/\/www.aldebaranit.com\/ca\/#website","url":"http:\/\/www.aldebaranit.com\/ca\/","name":"Aldebaran","description":"ALDEBARAN 2.0 IT Projects &amp; Services","potentialAction":[{"@type":"SearchAction","target":{"@type":"EntryPoint","urlTemplate":"http:\/\/www.aldebaranit.com\/ca\/?s={search_term_string}"},"query-input":"required name=search_term_string"}],"inLanguage":"ca"},{"@type":"ImageObject","@id":"http:\/\/www.aldebaranit.com\/productos\/smart-street\/#primaryimage","inLanguage":"ca","url":"http:\/\/www.aldebaranit.com\/wp-content\/uploads\/2016\/04\/smart-street.jpg","contentUrl":"http:\/\/www.aldebaranit.com\/wp-content\/uploads\/2016\/04\/smart-street.jpg"},{"@type":"WebPage","@id":"http:\/\/www.aldebaranit.com\/productos\/smart-street\/#webpage","url":"http:\/\/www.aldebaranit.com\/productos\/smart-street\/","name":"Smart Street - Aldebaran","isPartOf":{"@id":"http:\/\/www.aldebaranit.com\/ca\/#website"},"primaryImageOfPage":{"@id":"http:\/\/www.aldebaranit.com\/productos\/smart-street\/#primaryimage"},"datePublished":"2016-04-27T13:05:08+00:00","dateModified":"2016-09-12T15:48:13+00:00","breadcrumb":{"@id":"http:\/\/www.aldebaranit.com\/productos\/smart-street\/#breadcrumb"},"inLanguage":"ca","potentialAction":[{"@type":"ReadAction","target":["http:\/\/www.aldebaranit.com\/productos\/smart-street\/"]}]},{"@type":"BreadcrumbList","@id":"http:\/\/www.aldebaranit.com\/productos\/smart-street\/#breadcrumb","itemListElement":[{"@type":"ListItem","position":1,"name":"Portada","item":"http:\/\/www.aldebaranit.com\/ca\/"},{"@type":"ListItem","position":2,"name":"Productes","item":"http:\/\/www.aldebaranit.com\/ca\/productes\/"},{"@type":"ListItem","position":3,"name":"Smart Street"}]}]}},"_links":{"self":[{"href":"https:\/\/www.aldebaranit.com\/ca\/wp-json\/wp\/v2\/pages\/127"}],"collection":[{"href":"https:\/\/www.aldebaranit.com\/ca\/wp-json\/wp\/v2\/pages"}],"about":[{"href":"https:\/\/www.aldebaranit.com\/ca\/wp-json\/wp\/v2\/types\/page"}],"author":[{"embeddable":true,"href":"https:\/\/www.aldebaranit.com\/ca\/wp-json\/wp\/v2\/users\/1"}],"replies":[{"embeddable":true,"href":"https:\/\/www.aldebaranit.com\/ca\/wp-json\/wp\/v2\/comments?post=127"}],"version-history":[{"count":8,"href":"https:\/\/www.aldebaranit.com\/ca\/wp-json\/wp\/v2\/pages\/127\/revisions"}],"predecessor-version":[{"id":488,"href":"https:\/\/www.aldebaranit.com\/ca\/wp-json\/wp\/v2\/pages\/127\/revisions\/488"}],"up":[{"embeddable":true,"href":"https:\/\/www.aldebaranit.com\/ca\/wp-json\/wp\/v2\/pages\/163"}],"wp:attachment":[{"href":"https:\/\/www.aldebaranit.com\/ca\/wp-json\/wp\/v2\/media?parent=127"}],"curies":[{"name":"wp","href":"https:\/\/api.w.org\/{rel}","templated":true}]}}